{"id":612,"date":"2016-03-07T03:11:04","date_gmt":"2016-03-07T03:11:04","guid":{"rendered":"http:\/\/themegavias.com\/wp\/enzio\/?page_id=612"},"modified":"2020-12-23T19:04:21","modified_gmt":"2020-12-23T18:04:21","slug":"chi-siamo","status":"publish","type":"page","link":"https:\/\/all-g-a.com\/web\/chi-siamo\/","title":{"rendered":"chi siamo"},"content":{"rendered":"<p>[vc_row][vc_column][vc_column_text]<\/p>\n<h1 style=\"text-align: center;\">CHI SIAMO<\/h1>\n<p>La nostra societ\u00e0 di consulenza e servizi nasce con lo scopo di supportare ed integrare il mondo dei servizi tecnico , fiscali , gestionali e finanziari inerenti il vasto mondo dell\u2019edilizia\u00a0 \u00a0come supporto al\u00a0 Cliente in tutte le sue declinazioni (suddiviso tra Privato\u00a0 cittadino , Impresa etc. ) da una parte ed agli Enti Pubblici , con particolare attenzione agli Uffici Edilizia Privata e Urbanistica delle Amministrazioni Comunali e delle Citt\u00e0 Metropolitane dall\u2019altra .<\/p>\n<p>Oggi siamo una societ\u00e0 di consulenza omnicomprensiva ,\u00a0 che tramite il proprio team composto da \u00a0esperti professionisti abilitati, i quali,\u00a0 venendo\u00a0 sia dal mondo degli studi professionali privati che dal mondo del pubblico impiego ,\u00a0 hanno maturato negli ultimi trent\u2019anni specifiche esperienze nei settori a cui si rivolge la nostra disponibilit\u00e0.<\/p>\n<p>Come precedentemente descritto la nostra consulenza si rivolge ai due settori\u00a0 principali caratterizzanti il modo dell\u2019Edilizia : il Privato ed il Pubblico \u00a0.<\/p>\n<p>Nei confronti del Settore Privato la nostra azienda offre servizi\u00a0 di \u00a0consulenza \u00a0e progettazione ingegneristica ed architettonica con particolare attenzione ai temi ambientali e di efficienza\u00a0 energetica , di consulenza amministrativa e fiscale e quant\u2019altro necessario a soddisfare qualsiasi tipo di richiesta attinente al mondo dell\u2019edilizia , non ultimo il mondo dei bonus in edilizia in questo momento\u00a0 di estrema attualit\u00e0 .<\/p>\n<p>Grazie alle numerose partnerships a livello globale , possiamo contare su una vasta gamma di competenze indispensabili per lo sviluppo di progetti di qualsiasi dimensione , siamo progettisti, ingegneri, geologi, termo-tecnici , esperti di discipline scientifiche e project manager che propongono soluzioni innovative coniugando l\u2019attenzione alla comunit\u00e0, la creativit\u00e0 e le relazioni con i clienti. L\u2019equilibrio di questi elementi si traduce in progetti che promuovono la qualit\u00e0 della vita nelle comunit\u00e0 di tutto il mondo.<\/p>\n<p>Nei confronti del Settore Pubblico le nostre consulenze ed i nostri servizi sono afferenti a\u00a0 molteplici \u00a0settori inerenti le normali specificit\u00e0 degli Uffici Tecnici Comunali che ad esempio vanno dalle attivit\u00e0 Tecnico\/amministrative per l\u2019istruttoria delle domande di condono edilizio oppure le attivit\u00e0 Tecnico\/amministrative per l\u2019istruttoria degli accertamenti di conformit\u00e0 ex art. 34 e 36 DPR380\/2001 oppure le attivit\u00e0 inerenti\u00a0 \u00a0la digitalizzazione e de-materializzazione degli archivi delle pratiche edilizie cartacee giacenti presso gli archivi .[\/vc_column_text][\/vc_column][\/vc_row][vc_row disable_element=&#8221;yes&#8221; isfullwidth=&#8221;&#8221; css=&#8221;.vc_custom_1608743049651{padding-bottom: 20px !important;}&#8221;][vc_column width=&#8221;1\/3&#8243;][gva_block_heading title=&#8221;About Us&#8221; style=&#8221;style-2&#8243; align=&#8221;align-left&#8221; desc=&#8221;Duis sed odio sit amet nibh vulputate cursus a sit amet mauris cumsan ipsum velit nam nec tellus.&#8221;][vc_column_text]<\/p>\n<h4>We Are Creative Agency<\/h4>\n<p>Morbi msan ipsum velit. Nam nec tellus a odio tinunt auctor a ornareio. Sed non mauris vitae.<\/p>\n<h4>We Work With Passion<\/h4>\n<p>Morbi msan ipsum velit. Nam nec tellus a odio tinunt auctor a ornareio. Sed non mauris vitae.[\/vc_column_text][\/vc_column][vc_column width=&#8221;2\/3&#8243; css=&#8221;.vc_custom_1530587010113{padding-top: 0px !important;}&#8221;][vc_row_inner][vc_column_inner][gva_block_heading title=&#8221;We Provide The Exceptional Service We&#8217;d Want To Experience Ourselves&#8221; style=&#8221;style-2&#8243; align=&#8221;align-left&#8221;][\/vc_column_inner][\/vc_row_inner][vc_row_inner][vc_column_inner width=&#8221;1\/2&#8243; offset=&#8221;vc_col-xs-6&#8243;][gva_icon_box title=&#8221;Easy Customize&#8221; icon=&#8221;gv-icon-590&#8243; description=&#8221;Lorem ipsum dolor sit amet, consectetur adipisicing elit, sed do eiusmod tempor.&#8221; icon_position=&#8221;top-left-title&#8221; icon_width=&#8221;fa-2x&#8221; icon_radius=&#8221;radius-5x&#8221; icon_shadown=&#8221;true&#8221; icon_background=&#8221;#FDEFEC&#8221; icon_color=&#8221;#FEB1A2&#8243;][\/vc_column_inner][vc_column_inner width=&#8221;1\/2&#8243; offset=&#8221;vc_col-xs-6&#8243;][gva_icon_box title=&#8221;Responsive Ready&#8221; icon=&#8221;gv-icon-654&#8243; description=&#8221;Lorem ipsum dolor sit amet, consectetur adipisicing elit, sed do eiusmod tempor.&#8221; icon_position=&#8221;top-left-title&#8221; icon_width=&#8221;fa-2x&#8221; icon_radius=&#8221;radius-5x&#8221; icon_shadown=&#8221;true&#8221; icon_background=&#8221;#E5FAF5&#8243; icon_color=&#8221;#45D3A8&#8243;][\/vc_column_inner][\/vc_row_inner][vc_row_inner][vc_column_inner width=&#8221;1\/2&#8243; offset=&#8221;vc_col-xs-6&#8243;][gva_icon_box title=&#8221;Unlimited Colors&#8221; icon=&#8221;gv-icon-466&#8243; description=&#8221;Lorem ipsum dolor sit amet, consectetur adipisicing elit, sed do eiusmod tempor.&#8221; icon_position=&#8221;top-left-title&#8221; icon_width=&#8221;fa-2x&#8221; icon_radius=&#8221;radius-5x&#8221; icon_shadown=&#8221;true&#8221; el_class=&#8221;margin-bottom-0&#8243; icon_background=&#8221;#EAF0FE&#8221; icon_color=&#8221;#6B8EEF&#8221;][\/vc_column_inner][vc_column_inner width=&#8221;1\/2&#8243; offset=&#8221;vc_col-xs-6&#8243;][gva_icon_box title=&#8221;Drag &amp; Drop&#8221; icon=&#8221;gv-icon-894&#8243; description=&#8221;Lorem ipsum dolor sit amet, consectetur adipisicing elit, sed do eiusmod tempor.&#8221; icon_position=&#8221;top-left-title&#8221; icon_width=&#8221;fa-2x&#8221; icon_radius=&#8221;radius-5x&#8221; icon_shadown=&#8221;true&#8221; el_class=&#8221;margin-bottom-0&#8243; icon_background=&#8221;#F5ECFD&#8221; icon_color=&#8221;#B17EF0&#8243;][\/vc_column_inner][\/vc_row_inner][\/vc_column][\/vc_row][vc_row equal_height=&#8221;yes&#8221; fullwidth=&#8221;0&#8243; row_space=&#8221;remove_padding&#8221; css=&#8221;.vc_custom_1531903928292{background-color: #f5f5f5 !important;}&#8221;][vc_column parallax=&#8221;content-moving&#8221; parallax_image=&#8221;2644&#8243; width=&#8221;1\/2&#8243; offset=&#8221;vc_hidden-xs&#8221;][vc_single_image image=&#8221;3461&#8243; img_size=&#8221;full&#8221;][\/vc_column][vc_column width=&#8221;1\/2&#8243; el_class=&#8221;column-style-1&#8243;][vc_row_inner][vc_column_inner][gva_block_heading title=&#8221;Perch\u00e9 scegliere noi&#8221; style=&#8221;style-2&#8243; align=&#8221;align-left&#8221; subtitle=&#8221;I nostri servizi&#8221;][\/vc_column_inner][\/vc_row_inner][vc_row_inner][vc_column_inner width=&#8221;1\/2&#8243; offset=&#8221;vc_col-xs-6&#8243;][gva_icon_box title=&#8221;Un differente approccio&#8221; icon=&#8221;gv-icon-1015&#8243; description=&#8221;Il nostro approccio si differenzia da quelli tradizionali in quanto per noi \u00e8 prioritario avere una visione d&#8217;insieme completa , che partendo dagli obiettivi finali , mediante un&#8217;analisi e una gestione multisettoriale , permette di far dialogare tra di loro , da subito , le varie professionalit\u00e0 che concorrono alla formazione del progetto e del prodotto finale . In questo modo , non solo si evitano problemi di comunicazione e di svolgimento delle attivit\u00e0 di consulenza , ma soprattutto si ottimizzano i tempi di lavorazione. Tale aspetto ovviamente si rifletter\u00e0 anche sui costi di esercizio di tutta la attivit\u00e0 di consulenza&#8221; icon_position=&#8221;top-left&#8221; link=&#8221;#&#8221; icon_width=&#8221;fa-2x&#8221;][\/vc_column_inner][vc_column_inner width=&#8221;1\/2&#8243; offset=&#8221;vc_col-xs-6&#8243;][gva_icon_box title=&#8221;Professional Team&#8221; icon=&#8221;gv-icon-442&#8243; description=&#8221;Il nostro gruppo i lavoro \u00e8 in grado di coprire tutto le attivit\u00e0 di consulenza necessarie per qualsiasi settore afferente all&#8217;edilizia . Il nostro team \u00e8 composto da professionisti abilitati che vengono da esperienze ultra decennali sia nel settore del Privato che del Pubblico ; al proprio interno abbiamo tutte le figure professionali . Ingegneri , Architetti , Geometri e Topografi , Periti Termotecnici , Progettisti di Impianti Termo-idraulici anche complessi , Progettisti di Impianti elettrici anche complessi , Progettisti di Impianti per le energie rinnovabili , Dottori Commercialisti e\/o Ragionieri , Consulenti finanziari dei migliori Istituti di Credito , Consulenti Legali specializzati in Diritto Civile e urbanistico .&#8221; icon_position=&#8221;top-left&#8221; link=&#8221;#&#8221; icon_width=&#8221;fa-2x&#8221;][\/vc_column_inner][\/vc_row_inner][vc_row_inner disable_element=&#8221;yes&#8221;][vc_column_inner width=&#8221;1\/2&#8243; offset=&#8221;vc_col-xs-6&#8243;][gva_icon_box title=&#8221;Professional Team&#8221; icon=&#8221;gv-icon-433&#8243; description=&#8221;Lorem ipsum dolor amet, consectetur adipisicing, sed eiusmod tempor incididunt labore dolore magna aliqua.&#8221; icon_position=&#8221;top-left&#8221; link=&#8221;#&#8221; icon_width=&#8221;fa-2x&#8221;][\/vc_column_inner][vc_column_inner width=&#8221;1\/2&#8243; offset=&#8221;vc_col-xs-6&#8243;][gva_icon_box title=&#8221;Result Based&#8221; icon=&#8221;gv-icon-1011&#8243; description=&#8221;Lorem ipsum dolor amet, consectetur adipisicing, sed eiusmod tempor incididunt labore dolore magna aliqua.&#8221; icon_position=&#8221;top-left&#8221; link=&#8221;#&#8221; icon_width=&#8221;fa-2x&#8221;][\/vc_column_inner][\/vc_row_inner][\/vc_column][\/vc_row][vc_row disable_element=&#8221;yes&#8221;][vc_column][gva_block_heading title=&#8221;Happy Customers&#8221; icon=&#8221;gv-icon-244&#8243; subtitle=&#8221;TESTIMONIAL&#8221; desc=&#8221;Trusted by some of the world\u2019s biggest brands.&#8221;][gva_testimonial items_lg=&#8221;2&#8243; items_md=&#8221;2&#8243; items_sm=&#8221;2&#8243; items_xs=&#8221;1&#8243;][\/vc_column][\/vc_row][vc_row disable_element=&#8221;yes&#8221; row_space=&#8221;remove_padding_top&#8221;][vc_column][gva_block_heading title=&#8221;Send Us A Message Now.&#8221; icon=&#8221;gv-icon-242&#8243; desc=&#8221;Proin aliquam ante quis sagittis blandit. In hac habitasse platea dictumst. In sit amet pharetra tellus. Morbi sed consequat augue. Quisque ultricies, ex et sagittis commodo.&#8221;]<div role=\"form\" class=\"wpcf7\" id=\"wpcf7-f236-o1\" lang=\"en-US\" dir=\"ltr\">\n<div class=\"screen-reader-response\"><p role=\"status\" aria-live=\"polite\" aria-atomic=\"true\"><\/p> <ul><\/ul><\/div>\n<form action=\"\/web\/wp-json\/wp\/v2\/pages\/612#wpcf7-f236-o1\" method=\"post\" class=\"wpcf7-form init\" novalidate=\"novalidate\" data-status=\"init\">\n<div style=\"display: none;\">\n<input type=\"hidden\" name=\"_wpcf7\" value=\"236\" \/>\n<input type=\"hidden\" name=\"_wpcf7_version\" value=\"5.3.1\" \/>\n<input type=\"hidden\" name=\"_wpcf7_locale\" value=\"en_US\" \/>\n<input type=\"hidden\" name=\"_wpcf7_unit_tag\" value=\"wpcf7-f236-o1\" \/>\n<input type=\"hidden\" name=\"_wpcf7_container_post\" value=\"0\" \/>\n<input type=\"hidden\" name=\"_wpcf7_posted_data_hash\" value=\"\" \/>\n<\/div>\n<div class=\"row\">\n<div class=\"col-sm-4 col-xs-12\"><span class=\"wpcf7-form-control-wrap your-name\"><input type=\"text\" name=\"your-name\" value=\"\" size=\"40\" class=\"wpcf7-form-control wpcf7-text wpcf7-validates-as-required\" aria-required=\"true\" aria-invalid=\"false\" placeholder=\"Your Name *\" \/><\/span> <\/div>\n<div class=\"col-sm-4 col-xs-12\"><span class=\"wpcf7-form-control-wrap your-email\"><input type=\"email\" name=\"your-email\" value=\"\" size=\"40\" class=\"wpcf7-form-control wpcf7-text wpcf7-email wpcf7-validates-as-required wpcf7-validates-as-email\" aria-required=\"true\" aria-invalid=\"false\" placeholder=\"Your Email *\" \/><\/span> <\/div>\n<div class=\"col-sm-4 col-xs-12\"><span class=\"wpcf7-form-control-wrap your-subject\"><input type=\"text\" name=\"your-subject\" value=\"\" size=\"40\" class=\"wpcf7-form-control wpcf7-text\" aria-invalid=\"false\" placeholder=\"Your Subject\" \/><\/span> <\/div>\n<\/div>\n<div class=\"row\">\n<div class=\"col-xs-12\"><span class=\"wpcf7-form-control-wrap rows6\"><textarea name=\"rows:6\" cols=\"40\" rows=\"10\" class=\"wpcf7-form-control wpcf7-textarea\" aria-invalid=\"false\" placeholder=\"Your message\"><\/textarea><\/span> <\/div>\n<div class=\"col-xs-12 action\"><input type=\"submit\" value=\"Send Message\" class=\"wpcf7-form-control wpcf7-submit\" \/><\/div>\n<\/div>\n<div class=\"wpcf7-response-output\" aria-hidden=\"true\"><\/div><\/form><\/div>[\/vc_column][\/vc_row]<\/p>\n","protected":false},"excerpt":{"rendered":"<p>[vc_row][vc_column][vc_column_text] CHI SIAMO La nostra societ\u00e0 di consulenza e servizi nasce con lo scopo di supportare ed integrare il mondo dei servizi tecnico , fiscali , gestionali e finanziari inerenti il vasto mondo dell\u2019edilizia\u00a0 \u00a0come supporto al\u00a0 Cliente in tutte le sue declinazioni (suddiviso tra Privato\u00a0 cittadino , Impresa etc. ) da una parte ed [&hellip;]<\/p>\n","protected":false},"author":1,"featured_media":0,"parent":0,"menu_order":0,"comment_status":"closed","ping_status":"closed","template":"","meta":[],"_links":{"self":[{"href":"https:\/\/all-g-a.com\/web\/wp-json\/wp\/v2\/pages\/612"}],"collection":[{"href":"https:\/\/all-g-a.com\/web\/wp-json\/wp\/v2\/pages"}],"about":[{"href":"https:\/\/all-g-a.com\/web\/wp-json\/wp\/v2\/types\/page"}],"author":[{"embeddable":true,"href":"https:\/\/all-g-a.com\/web\/wp-json\/wp\/v2\/users\/1"}],"replies":[{"embeddable":true,"href":"https:\/\/all-g-a.com\/web\/wp-json\/wp\/v2\/comments?post=612"}],"version-history":[{"count":14,"href":"https:\/\/all-g-a.com\/web\/wp-json\/wp\/v2\/pages\/612\/revisions"}],"predecessor-version":[{"id":3463,"href":"https:\/\/all-g-a.com\/web\/wp-json\/wp\/v2\/pages\/612\/revisions\/3463"}],"wp:attachment":[{"href":"https:\/\/all-g-a.com\/web\/wp-json\/wp\/v2\/media?parent=612"}],"curies":[{"name":"wp","href":"https:\/\/api.w.org\/{rel}","templated":true}]}}