{"id":3332,"date":"2020-10-11T18:38:54","date_gmt":"2020-10-11T16:38:54","guid":{"rendered":"http:\/\/all-g-a.com\/web\/?page_id=3332"},"modified":"2021-06-16T12:00:30","modified_gmt":"2021-06-16T10:00:30","slug":"ecobonus-e-superbonus-110","status":"publish","type":"page","link":"https:\/\/all-g-a.com\/web\/ecobonus-e-superbonus-110\/","title":{"rendered":"Ecobonus e superbonus 110%"},"content":{"rendered":"<p>[vc_row][vc_column][vc_column_text css_animation=&#8221;bounceIn&#8221;]<\/p>\n<div class=\"rotate-text\">\n<div class=\"primary-text text-black\">Superbonus\u00a0 &#8211; Ecobonus\u00a0 &#8211; Sismabonus<\/div>\n<div class=\"second-text text-black\">Offriamo supporto tecnico-fiscale completo e parziale per tutte le attivit\u00e0 connesse e necessarie al conseguimento dei molteplici bonus afferenti il patrimonio edilizio esistente partendo dalla pre-fattibilit\u00e0 tecnico fiscale passando per la progettazione completa di tutte , arrivando alla consulenza finanziaria per la ricerca di soggetti interessati all&#8217;acquisto dei crediti generati .<\/div>\n<div class=\"link\"><a class=\"btn-theme\" href=\"#\">Read more<\/a><\/div>\n<\/div>\n<p>[\/vc_column_text][\/vc_column][\/vc_row][vc_row css=&#8221;.vc_custom_1532319356025{background-color: #f5f5f5 !important;}&#8221;][vc_column][vc_row_inner][vc_column_inner][gva_block_heading title=&#8221;I nostri servizi&#8221; desc=&#8221;Il nostro gruppo i lavoro \u00e8 in grado di coprire tutto le attivit\u00e0 di consulenza necessarie per qualsiasi settore afferente all&#8217;edilizia . Il nostro team \u00e8 composto da professionisti abilitati che vengono da esperienze ultra decennali sia nel settore del Privato che del Pubblico ; al proprio interno abbiamo tutte le figure professionali . Ingegneri , Architetti , Geometri e Topografi , Periti Termotecnici , Progettisti di Impianti Termo-idraulici anche complessi , Progettisti di Impianti elettrici anche complessi , Progettisti di Impianti per le energie rinnovabili , Dottori Commercialisti e\/o Ragionieri , Consulenti finanziari dei migliori Istituti di Credito , Consulenti Legali specializzati in Diritto Civile e urbanistico .&#8221;][\/vc_column_inner][\/vc_row_inner][vc_row_inner disable_element=&#8221;yes&#8221;][vc_column_inner width=&#8221;1\/3&#8243;][gva_service_box items=&#8221;%5B%7B%22title%22%3A%22Client%20relationship%22%7D%2C%7B%22title%22%3A%22Front-Office%20Productivity%22%7D%5D&#8221; title=&#8221;Portfolio Management&#8221; icon=&#8221;gv-icon-1022&#8243; link=&#8221;#&#8221; text_link=&#8221;View Portfolio Management Options&#8221;][\/vc_column_inner][vc_column_inner width=&#8221;1\/3&#8243;][gva_service_box items=&#8221;%5B%7B%22title%22%3A%22Client%20relationship%22%7D%2C%7B%22title%22%3A%22Front-Office%20Productivity%22%7D%5D&#8221; title=&#8221;Intellectual Property&#8221; icon=&#8221;gv-icon-1090&#8243; link=&#8221;#&#8221; text_link=&#8221;View Intellectual Property Options&#8221;][\/vc_column_inner][vc_column_inner width=&#8221;1\/3&#8243;][gva_service_box items=&#8221;%5B%7B%22title%22%3A%22Client%20relationship%22%7D%2C%7B%22title%22%3A%22Front-Office%20Productivity%22%7D%5D&#8221; title=&#8221;Finance &amp; Risk&#8221; icon=&#8221;gv-icon-1033&#8243; link=&#8221;#&#8221; text_link=&#8221;View Finance &amp; Risk Options&#8221;][\/vc_column_inner][\/vc_row_inner][vc_row_inner disable_element=&#8221;yes&#8221;][vc_column_inner width=&#8221;1\/3&#8243;][gva_service_box items=&#8221;%5B%7B%22title%22%3A%22Client%20relationship%22%7D%2C%7B%22title%22%3A%22Front-Office%20Productivity%22%7D%5D&#8221; title=&#8221;Technology Advisory&#8221; icon=&#8221;gv-icon-1151&#8243; link=&#8221;#&#8221; text_link=&#8221;View Technology Advisory Options&#8221;][\/vc_column_inner][vc_column_inner width=&#8221;1\/3&#8243;][gva_service_box items=&#8221;%5B%7B%22title%22%3A%22Client%20relationship%22%7D%2C%7B%22title%22%3A%22Front-Office%20Productivity%22%7D%5D&#8221; title=&#8221;Blockchain&#8221; icon=&#8221;gv-icon-1061&#8243; link=&#8221;#&#8221; text_link=&#8221;View Blockchain Plan Options&#8221;][\/vc_column_inner][vc_column_inner width=&#8221;1\/3&#8243;][gva_service_box items=&#8221;%5B%7B%22title%22%3A%22Client%20relationship%22%7D%2C%7B%22title%22%3A%22Front-Office%20Productivity%22%7D%5D&#8221; title=&#8221;Capital Market&#8221; icon=&#8221;gv-icon-942&#8243; link=&#8221;#&#8221; text_link=&#8221;View Capital Market Options&#8221;][\/vc_column_inner][\/vc_row_inner][\/vc_column][\/vc_row][vc_row parallax=&#8221;content-moving&#8221; parallax_image=&#8221;2644&#8243; disable_element=&#8221;yes&#8221;][vc_column][gva_block_heading title=&#8221;Our Customers Like Us.&#8221; style_text=&#8221;text-light&#8221;][gva_testimonial text_color_style=&#8221;text-light&#8221; items_lg=&#8221;2&#8243; items_md=&#8221;2&#8243; items_sm=&#8221;2&#8243; items_xs=&#8221;1&#8243; ca_pagination=&#8221;0&#8243;][\/vc_column][\/vc_row][vc_row isfullwidth=&#8221;&#8221; css=&#8221;.vc_custom_1497926633097{background-color: #f5f5f5 !important;}&#8221;][vc_column][vc_row_inner css=&#8221;.vc_custom_1497925147700{padding-bottom: 20px !important;}&#8221;][vc_column_inner][gva_block_heading title=&#8221;Noi offriamo il massimo dei servizi di consulenza ai nostri clienti&#8221; desc=&#8221;Il nostro gruppo i lavoro \u00e8 in grado di coprire tutto le attivit\u00e0 di consulenza necessarie per qualsiasi settore afferente all&#8217;edilizia . Il nostro team \u00e8 composto da professionisti abilitati che vengono da esperienze ultra decennali sia nel settore del Privato che del Pubblico ; al proprio interno abbiamo tutte le figure professionali . Ingegneri , Architetti , Geometri e Topografi , Periti Termotecnici , Progettisti di Impianti Termo-idraulici anche complessi , Progettisti di Impianti elettrici anche complessi , Progettisti di Impianti per le energie rinnovabili , Dottori Commercialisti e\/o Ragionieri , Consulenti finanziari dei migliori Istituti di Credito , Consulenti Legali specializzati in Diritto Civile e urbanistico .&#8221;][\/vc_column_inner][\/vc_row_inner][vc_row_inner][vc_column_inner width=&#8221;1\/3&#8243;][gva_icon_box title=&#8221;Analisi Preliminare&#8221; icon=&#8221;gv-icon-650&#8243; description=&#8221;Verifica della documentazione e valutazione pi\u00f9 approfonditi di tutta la documentazione agli atti per confrontare quanto progettato con quanto realizzato ; nel caso di interventi su edifici esistenti deve essere presentata idonea documentazione a dimostrazione della legittimit\u00e0 della preesistenza, avallata da prove documentali quali licenza edilizia o concessione edilizia.&#8221; icon_position=&#8221;left&#8221; background_box=&#8221;#fff&#8221; link=&#8221;#&#8221; icon_width=&#8221;fa-2x&#8221;][\/vc_column_inner][vc_column_inner width=&#8221;1\/3&#8243;][gva_icon_box title=&#8221;Misurazione&#8221; icon=&#8221;gv-icon-688&#8243; description=&#8221;Misurazione mediante Disto Laser Leica ed altra strumentazione idonea di tutte le componenti del fabbricato , necessarie per la successiva redazione delle piante e sezioni interne ;<br \/>\n3-Restituzione e digitalizzazione delle misurazioni effettuate mediante l\u2019uso di idoneo software vettoriale (Autocad ) .&#8221; icon_position=&#8221;left&#8221; background_box=&#8221;#fff&#8221; icon_width=&#8221;fa-2x&#8221;][\/vc_column_inner][vc_column_inner width=&#8221;1\/3&#8243;][gva_icon_box title=&#8221;Progettazione&#8221; icon=&#8221;gv-icon-850&#8243; description=&#8221;Progettazione architettonica per l\u2019ottenimento dell\u2019Autorizzazione Paesaggistica completa di tutti gli allegati (piante sezioni prospetti planimetrie generali varie , rendering fotorealistici , relazione tecnica, relazione tecnica paesaggistica , documentazione fotografica varie ed eventuali di uso comune ,&#8221; icon_position=&#8221;left&#8221; background_box=&#8221;#fff&#8221; link=&#8221;#&#8221; icon_width=&#8221;fa-2x&#8221;][\/vc_column_inner][\/vc_row_inner][vc_row_inner][vc_column_inner width=&#8221;1\/3&#8243;][gva_icon_box title=&#8221;ex legge 10&#8243; icon=&#8221;gv-icon-1597&#8243; description=&#8221;Predisposizione relazione ex legge 10 relativa all\u2019efficienza energetica necessario all\u2019atto di invio telematico della CILA \/SCIA ;&#8221; icon_position=&#8221;left&#8221; background_box=&#8221;#fff&#8221; link=&#8221;#&#8221; icon_width=&#8221;fa-2x&#8221;][\/vc_column_inner][vc_column_inner width=&#8221;1\/3&#8243;][gva_icon_box title=&#8221;Piano di Sicurezza&#8221; icon=&#8221;gv-icon-1285&#8243; description=&#8221;Predisposizione Piano di Sicurezza per le opere e relativo Fascicolo se dovuti in presenza di pi\u00f9 imprese in cantiere;&#8221; icon_position=&#8221;left&#8221; background_box=&#8221;#fff&#8221; link=&#8221;#&#8221; icon_width=&#8221;fa-2x&#8221;][\/vc_column_inner][vc_column_inner width=&#8221;1\/3&#8243;][gva_icon_box title=&#8221;Contabilit\u00e0 dei lavori&#8221; icon=&#8221;gv-icon-961&#8243; description=&#8221;Contabilit\u00e0 dei lavori : liquidazione (art.194, comma 1, d.P.R. 207\/10)-Rendicontazioni e liquidazione tecnico contabile (Reg. CE 1698\/2005 e s.m.i.) ; contabilit\u00e0 dei lavori a misura (art.185, d.P.R. 207\/10) ; contabilit\u00e0 dei lavori a corpo (art.185, d.P.R. 207\/10); certificato di regolare esecuzione (art.237, d.P.R. 207\/2010)&#8221; icon_position=&#8221;left&#8221; background_box=&#8221;#fff&#8221; link=&#8221;#&#8221; icon_width=&#8221;fa-2x&#8221;][\/vc_column_inner][\/vc_row_inner][\/vc_column][\/vc_row][vc_row row_space=&#8221;remove_padding_bottom&#8221;][vc_column][vc_row_inner disable_element=&#8221;yes&#8221;][vc_column_inner][gva_block_heading title=&#8221;Our Awesome Team&#8221; desc=&#8221;Sed ut perspiciatis unde omnis iste natus error sit voluptatem accusantium doloremque laudantium.&#8221;][\/vc_column_inner][\/vc_row_inner][vc_row_inner disable_element=&#8221;yes&#8221;][vc_column_inner width=&#8221;1\/4&#8243;][gva_team name=&#8221;Larry Schmidt&#8221; job=&#8221;Managing Director&#8221; photo=&#8221;2432&#8243; google=&#8221;#&#8221; facebook=&#8221;#&#8221; twitter=&#8221;#&#8221; pinterest=&#8221;#&#8221;]Lorem ipsum dolor sit amet, consectetur adipiscing elit. Fusce risus justo, sagittis sit amet efficitur[\/gva_team][\/vc_column_inner][vc_column_inner width=&#8221;1\/4&#8243;][gva_team name=&#8221;Holly Hill&#8221; job=&#8221;Social Manager&#8221; photo=&#8221;2433&#8243; google=&#8221;#&#8221; facebook=&#8221;#&#8221; twitter=&#8221;#&#8221; pinterest=&#8221;#&#8221;]Lorem ipsum dolor sit amet, consectetur adipiscing elit. Fusce risus justo, sagittis sit amet efficitur[\/gva_team][\/vc_column_inner][vc_column_inner width=&#8221;1\/4&#8243;][gva_team name=&#8221;Ralph Marino&#8221; job=&#8221;Managing Director&#8221; photo=&#8221;2434&#8243; google=&#8221;#&#8221; facebook=&#8221;#&#8221; twitter=&#8221;#&#8221; pinterest=&#8221;#&#8221;]Lorem ipsum dolor sit amet, consectetur adipiscing elit. Fusce risus justo, sagittis sit amet efficitur[\/gva_team][\/vc_column_inner][vc_column_inner width=&#8221;1\/4&#8243;][gva_team name=&#8221;Chelsea Deitch&#8221; job=&#8221;Managing Director&#8221; photo=&#8221;2436&#8243; google=&#8221;#&#8221; facebook=&#8221;#&#8221; twitter=&#8221;#&#8221; pinterest=&#8221;#&#8221;]Lorem ipsum dolor sit amet, consectetur adipiscing elit. Fusce risus justo, sagittis sit amet efficitur[\/gva_team][\/vc_column_inner][\/vc_row_inner][\/vc_column][\/vc_row][vc_row custom_background=&#8221;bg-center&#8221; css=&#8221;.vc_custom_1530756789029{background-image: url(http:\/\/themegavias.com\/wp\/enzio\/wp-content\/uploads\/2018\/07\/map.png?id=2956) !important;}&#8221;][vc_column][gva_brands][vc_row_inner disable_element=&#8221;yes&#8221;][vc_column_inner width=&#8221;1\/2&#8243;][vc_icon icon_fontawesome=&#8221;fa fa-building-o&#8221; align=&#8221;center&#8221;][vc_column_text]<\/p>\n<h4 class=\"av-special-heading-tag \" style=\"text-align: center;\">Ristrutturazione<\/h4>\n<p style=\"text-align: center;\">WALKIT<\/p>\n<p style=\"text-align: center;\">INCONTRO VALUTATIVO<\/p>\n<p style=\"text-align: center;\">PROGETTO GREEN<\/p>\n<p style=\"text-align: center;\">KIT CANTIERE<\/p>\n<p>[\/vc_column_text][\/vc_column_inner][vc_column_inner width=&#8221;1\/2&#8243;][vc_icon icon_fontawesome=&#8221;fa fa-handshake-o&#8221; align=&#8221;center&#8221; link=&#8221;url:%23consulenze_energetiche|title:CONSULENZE%20ENERGETICHE||&#8221;][vc_column_text]<\/p>\n<h4 style=\"text-align: center;\">SERVIZI<\/h4>\n<h3 id=\"anchor\">CONSULENZE ENERGETICHE<\/h3>\n<p style=\"text-align: center;\">PROGETTAZIONE ESECUTIVA INTEGRATA<\/p>\n<p>[\/vc_column_text][\/vc_column_inner][\/vc_row_inner][\/vc_column][\/vc_row][vc_row][vc_column][vc_column_text]<\/p>\n<h2 style=\"text-align: center;\">ecobonus al 110%<\/h2>\n<p>L\u2019ecobonus al 110% consente di migliorare l\u2019efficienza energetica degli immobili senza alcun costo.<br \/>\nLo Stato, con il Decreto rilancio, concede un credito d\u2019imposta che puoi cedere all\u2019impresa che realizza i lavori, a banche o assicurazioni. Puoi rifare la facciata, cambiare la caldaia con un sistema a scambio di calore, rifare i pilastri del palazzo, mettere un impianto fotovoltaico, sostituire finestre ed infissi senza alcun costo.<br \/>\nQui troverai indicazioni su cosa fare, come cedere il credito o per iniziare i lavori.<br \/>\nUn consulente \u00e8 pronto a chiarirti ogni dubbio.[\/vc_column_text][vc_column_text]<\/p>\n<h2 style=\"text-align: center;\">CESSIONE DEL CREDITO<\/h2>\n<div class=\"flex_column av_one_half flex_column_div av-zero-column-padding avia-builder-el-26 el_after_av_one_half el_before_av_hr column-top-margin\">\n<section class=\"av_textblock_section \">\n<div class=\"avia_textblock \">\n<p>Il committente decide di cedere il proprio credito fiscale ad uno o pi\u00f9 fornitori. A fronte di questo\u00a0<strong>non sar\u00e0 necessario pagare nulla<\/strong>\u00a0per il saldo fatture, dato che sar\u00e0 compensato integralmente (al 100%) dalla detrazione ceduta.<\/p>\n<p>Il fornitore potr\u00e0 poi a sua volta cedere il credito ad un altro ente (ad esempio una banca o un\u2019altra societ\u00e0). In questa ipotesi quindi non si otterr\u00e0 il rimborso annuale come detrazione fiscale perch\u00e9 si sfrutter\u00e0 subito come\u00a0<strong>sconto in fattura<\/strong>.<\/p>\n<\/div>\n<\/section>\n<div class=\"togglecontainer toggle_close_all avia-builder-el-28 el_after_av_textblock avia-builder-el-last enable_toggles\"><\/div>\n<\/div>\n<div class=\"hr hr-invisible avia-builder-el-29 el_after_av_one_half el_before_av_one_full \"><\/div>\n<p>[\/vc_column_text][vc_toggle title=&#8221;vantaggi cessione credito&#8221;]<\/p>\n<ul>\n<li>Nessun esborso iniziale<\/li>\n<li>Nessun limite di capienza fiscale<\/li>\n<\/ul>\n<p>[\/vc_toggle][vc_toggle title=&#8221;svantaggi cessione credito&#8221;]<\/p>\n<ul>\n<li>Minor numero di fornitori tra cui scegliere<\/li>\n<li>Maggior complessit\u00e0 iter burocratico<\/li>\n<\/ul>\n<p>[\/vc_toggle][\/vc_column][\/vc_row]<\/p>\n","protected":false},"excerpt":{"rendered":"<p>[vc_row][vc_column][vc_column_text css_animation=&#8221;bounceIn&#8221;] Superbonus\u00a0 &#8211; Ecobonus\u00a0 &#8211; Sismabonus Offriamo supporto tecnico-fiscale completo e parziale per tutte le attivit\u00e0 connesse e necessarie al conseguimento dei molteplici bonus afferenti il patrimonio edilizio esistente partendo dalla pre-fattibilit\u00e0 tecnico fiscale passando per la progettazione completa di tutte , arrivando alla consulenza finanziaria per la ricerca di soggetti interessati all&#8217;acquisto dei [&hellip;]<\/p>\n","protected":false},"author":1,"featured_media":0,"parent":0,"menu_order":0,"comment_status":"closed","ping_status":"closed","template":"","meta":[],"_links":{"self":[{"href":"https:\/\/all-g-a.com\/web\/wp-json\/wp\/v2\/pages\/3332"}],"collection":[{"href":"https:\/\/all-g-a.com\/web\/wp-json\/wp\/v2\/pages"}],"about":[{"href":"https:\/\/all-g-a.com\/web\/wp-json\/wp\/v2\/types\/page"}],"author":[{"embeddable":true,"href":"https:\/\/all-g-a.com\/web\/wp-json\/wp\/v2\/users\/1"}],"replies":[{"embeddable":true,"href":"https:\/\/all-g-a.com\/web\/wp-json\/wp\/v2\/comments?post=3332"}],"version-history":[{"count":68,"href":"https:\/\/all-g-a.com\/web\/wp-json\/wp\/v2\/pages\/3332\/revisions"}],"predecessor-version":[{"id":3534,"href":"https:\/\/all-g-a.com\/web\/wp-json\/wp\/v2\/pages\/3332\/revisions\/3534"}],"wp:attachment":[{"href":"https:\/\/all-g-a.com\/web\/wp-json\/wp\/v2\/media?parent=3332"}],"curies":[{"name":"wp","href":"https:\/\/api.w.org\/{rel}","templated":true}]}}