{"id":2827,"date":"2018-03-06T07:21:16","date_gmt":"2018-03-06T07:21:16","guid":{"rendered":"http:\/\/themegavias.com\/wp\/enzio\/?page_id=2827"},"modified":"2021-06-05T16:23:13","modified_gmt":"2021-06-05T14:23:13","slug":"i-nostri-servizi","status":"publish","type":"page","link":"https:\/\/all-g-a.com\/web\/i-nostri-servizi\/","title":{"rendered":"I Nostri servizi"},"content":{"rendered":"<p>[vc_row row_space=&#8221;remove_padding&#8221; isfullwidth=&#8221;&#8221; css=&#8221;.vc_custom_1531905334683{padding-top: 30px !important;}&#8221;][vc_column][gva_block_heading title=&#8221;I NOSTRI SERVIZI&#8221; desc=&#8221;Sed ut perspiciatis unde omnis iste natus error sit voluptatem accusantium doloremque laudantium, totam rem aperiam, eaque ipsa quae ab illo inventore veritatis et quasi architecto.&#8221;][gva_services_grid excerpt_words=&#8221;20&#8243; items_lg=&#8221;3&#8243; items_md=&#8221;3&#8243; items_sm=&#8221;2&#8243; items_xs=&#8221;2&#8243;][\/vc_column][\/vc_row][vc_row][vc_column][vc_column_text]i servizi che offriamo si dividono in due categorie, il settore pubblico in cui collaboriamo con gli enti pubblici (per esempio ) i comuni a cui diamo supporto per il completamento dei condoni e per la digitalizazzione degli archivi, l &#8216;altro settore in cui operiamo sono i bonus in cui supportiamo il privato nel poterne usufruire per rendere la propria casa piu sicura e pi\u00f9 efficente sotto il profilo energetico[\/vc_column_text][vc_row_inner][vc_column_inner width=&#8221;1\/2&#8243;][vc_column_text]<\/p>\n<h4 style=\"text-align: center;\">SETTORE PUBBLICO<\/h4>\n<ul>\n<li>supporto nel completare le pratiche di condono edilizio<\/li>\n<li>esecuzione della digitalizazzione degli archivi comunali<\/li>\n<\/ul>\n<p>[\/vc_column_text][\/vc_column_inner][vc_column_inner width=&#8221;1\/2&#8243;][vc_column_text]<\/p>\n<h4 style=\"text-align: center;\">BONUS CASA<\/h4>\n<ul>\n<li>Ecobonus<\/li>\n<li>Superbonus 110%<\/li>\n<\/ul>\n<p>[\/vc_column_text][\/vc_column_inner][\/vc_row_inner][\/vc_column][\/vc_row][vc_row][vc_column width=&#8221;1\/3&#8243;][gva_icon_box title=&#8221;Analisi Preliminare&#8221; description=&#8221;Verifica della documentazione e valutazione pi\u00f9 approfonditi di tutta la documentazione agli atti per confrontare quanto progettato con quanto realizzato ; nel caso di interventi su edifici esistenti deve essere presentata idonea documentazione a dimostrazione della legittimit\u00e0 della preesistenza, avallata da prove documentali quali licenza edilizia o concessione edilizia ETC&#8230; In assenza di prove documentali, dovr\u00e0 essere attestato dal proprietario tramite dichiarazione sostitutiva di certificazione o altro documento che indichi l\u2019 epoca e la legittimit\u00e0 delle preesistenze e delle destinazioni d\u2019uso.&#8221;][\/vc_column][vc_column width=&#8221;1\/3&#8243;][gva_icon_box title=&#8221;Misurazione&#8221; description=&#8221;2-Misurazione mediante Disto Laser Leica ed altra strumentazione idonea di tutte le componenti del fabbricato , necessarie per la successiva redazione delle piante e sezioni interne ;<br \/>\n3-Restituzione e digitalizzazione delle misurazioni effettuate mediante l\u2019uso di idoneo software vettoriale (Autocad )&#8221;][\/vc_column][vc_column width=&#8221;1\/3&#8243;][gva_icon_box title=&#8221;Progettazione&#8221; description=&#8221;Progettazione architettonica per l\u2019ottenimento dell\u2019Autorizzazione Paesaggistica completa di tutti gli allegati (piante sezioni prospetti planimetrie generali varie , rendering fotorealistici , relazione tecnica, relazione tecnica paesaggistica , documentazione fotografica varie ed eventuali di uso comune ,&#8221;][\/vc_column][\/vc_row][vc_row][vc_column width=&#8221;1\/3&#8243;][gva_icon_box title=&#8221;ex legge 10&#8243; description=&#8221;Predisposizione relazione ex legge 10 relativa all\u2019efficienza energetica necessario all\u2019atto di invio telematico della CILA \/SCIA .<br \/>\n9-Redazione degli elaborati ed espletamento delle attivit\u00e0 necessarie per il conseguimento miglioramento strutturale , nel caso specifico : intervento locale per la realizzazione di cordolo perimetrale e pi\u00f9 precisamente:<br \/>\na- calcoli strutturali dello stato di fatto e di progetto.<br \/>\nb- predisposizione dei grafici per l\u2019impresa di costruzioni.<br \/>\nc- direzione dei lavori strutturali.<br \/>\nd- assistenza al collaudo se necessario.&#8221;][\/vc_column][vc_column width=&#8221;1\/3&#8243;][gva_icon_box title=&#8221;Piano di Sicurezza&#8221; description=&#8221;Predisposizione Piano di Sicurezza per le opere e relativo Fascicolo se dovuti in presenza di pi\u00f9 imprese in cantiere;<br \/>\n13- Direzione dei lavori;&#8221;][\/vc_column][vc_column width=&#8221;1\/3&#8243;][gva_icon_box title=&#8221;Contabilit\u00e0 dei lavori&#8221; description=&#8221;Contabilit\u00e0 dei lavori : liquidazione (art.194, comma 1, d.P.R. 207\/10)-Rendicontazioni e liquidazione tecnico contabile (Reg. CE 1698\/2005 e s.m.i.) ; contabilit\u00e0 dei lavori a misura (art.185, d.P.R. 207\/10) ; contabilit\u00e0 dei lavori a corpo (art.185, d.P.R. 207\/10); certificato di regolare esecuzione (art.237, d.P.R. 207\/2010)<br \/>\n15- Asseverazione degli elaborati per l\u2019ottenimento dei bonus<br \/>\n16- Certificato di conformit\u00e0 per l\u2019ottenimento dei bonus<br \/>\n17- Predisposizione dell\u2019accatastamento che sar\u00e0 costituito dalla variazione delle schede<br \/>\ncatastali esistenti.&#8221;][\/vc_column][\/vc_row][vc_row disable_element=&#8221;yes&#8221;][vc_column offset=&#8221;vc_col-lg-6 vc_col-md-6 vc_col-xs-12&#8243;][\/vc_column][vc_column offset=&#8221;vc_col-lg-6 vc_col-md-6 vc_col-xs-12&#8243;][vc_row_inner][vc_column_inner][gva_block_heading title=&#8221;Why Choose Us?&#8221; align=&#8221;align-left&#8221;][\/vc_column_inner][\/vc_row_inner][vc_row_inner][vc_column_inner width=&#8221;1\/2&#8243; offset=&#8221;vc_col-xs-6&#8243;][gva_icon_box title=&#8221;Packaging And Storage&#8221; icon=&#8221;gv-icon-78&#8243; description=&#8221;Proin ante sagittis blandit abitasse platea dictumst.&#8221; icon_position=&#8221;left&#8221; icon_width=&#8221;fa-2x&#8221; icon_radius=&#8221;radius-5x&#8221; icon_shadown=&#8221;true&#8221; icon_background=&#8221;#FDEFEC&#8221; icon_color=&#8221;#FEB1A2&#8243;][\/vc_column_inner][vc_column_inner width=&#8221;1\/2&#8243; offset=&#8221;vc_col-xs-6&#8243;][gva_icon_box title=&#8221;Door to Door delivery&#8221; icon=&#8221;gv-icon-123&#8243; description=&#8221;Proin ante sagittis blandit abitasse platea dictumst.&#8221; icon_position=&#8221;left&#8221; icon_width=&#8221;fa-2x&#8221; icon_radius=&#8221;radius-5x&#8221; icon_shadown=&#8221;true&#8221; icon_background=&#8221;#E5FAF5&#8243; icon_color=&#8221;#45D3A8&#8243;][\/vc_column_inner][\/vc_row_inner][vc_row_inner][vc_column_inner width=&#8221;1\/2&#8243; offset=&#8221;vc_col-xs-6&#8243;][gva_icon_box title=&#8221;Ground Transport&#8221; icon=&#8221;gv-icon-467&#8243; description=&#8221;Proin ante sagittis blandit abitasse platea dictumst.&#8221; icon_position=&#8221;left&#8221; icon_width=&#8221;fa-2x&#8221; icon_radius=&#8221;radius-5x&#8221; icon_shadown=&#8221;true&#8221; icon_background=&#8221;#EAF0FE&#8221; icon_color=&#8221;#6B8EEF&#8221;][\/vc_column_inner][vc_column_inner width=&#8221;1\/2&#8243; offset=&#8221;vc_col-xs-6&#8243;][gva_icon_box title=&#8221;Packaging And Storage&#8221; icon=&#8221;gv-icon-146&#8243; description=&#8221;Proin ante sagittis blandit abitasse platea dictumst.&#8221; icon_position=&#8221;left&#8221; icon_width=&#8221;fa-2x&#8221; icon_radius=&#8221;radius-5x&#8221; icon_shadown=&#8221;true&#8221; icon_background=&#8221;#F5ECFD&#8221; icon_color=&#8221;#B17EF0&#8243;][\/vc_column_inner][\/vc_row_inner][\/vc_column][\/vc_row][vc_row row_space=&#8221;remove_padding_top&#8221;][vc_column][vc_row_inner disable_element=&#8221;yes&#8221;][vc_column_inner][gva_block_heading title=&#8221;Choose Your Plan&#8221; icon=&#8221;gv-icon-975&#8243; subtitle=&#8221;Pricing&#8221; desc=&#8221;Proin aliquam ante quis sagittis blandit. In hac habitasse platea dictumst. In sit amet pharetra tellus. Morbi sed consequat augue. Quisque ultricies, ex et sagittis commodo.&#8221;][\/vc_column_inner][\/vc_row_inner][vc_row_inner disable_element=&#8221;yes&#8221;][vc_column_inner width=&#8221;1\/2&#8243; offset=&#8221;vc_col-lg-3 vc_col-md-3 vc_col-xs-6&#8243;][gva_pricing title=&#8221;Basic&#8221; price=&#8221;15&#8243; period=&#8221;Month&#8221;]<\/p>\n<ul>\n<li>Coffee &amp; water service<\/li>\n<li>High speed Internet<\/li>\n<li>Opening hours (9:00 \u2013 19:00)<\/li>\n<li class=\"off\">Hot desk<\/li>\n<li class=\"off\">Limited printer &amp; scanner<\/li>\n<li class=\"off\">Limited meeting room access<\/li>\n<li class=\"off\">Event and showroom use<\/li>\n<\/ul>\n<p>[\/gva_pricing][\/vc_column_inner][vc_column_inner width=&#8221;1\/2&#8243; offset=&#8221;vc_col-lg-3 vc_col-md-3 vc_col-xs-6&#8243;][gva_pricing title=&#8221;Personal&#8221; price=&#8221;25&#8243; period=&#8221;Month&#8221; featured=&#8221;true&#8221;]<\/p>\n<ul>\n<li>Coffee &amp; water service<\/li>\n<li>High speed Internet<\/li>\n<li>Opening hours (9:00 \u2013 19:00)<\/li>\n<li>Hot desk<\/li>\n<li class=\"off\">Limited printer &amp; scanner<\/li>\n<li class=\"off\">Limited meeting room access<\/li>\n<li class=\"off\">Event and showroom use<\/li>\n<\/ul>\n<p>[\/gva_pricing][\/vc_column_inner][vc_column_inner width=&#8221;1\/2&#8243; offset=&#8221;vc_col-lg-3 vc_col-md-3 vc_col-xs-6&#8243;][gva_pricing title=&#8221;Professional&#8221; price=&#8221;35&#8243; period=&#8221;Month&#8221;]<\/p>\n<ul>\n<li>Coffee &amp; water service<\/li>\n<li>High speed Internet<\/li>\n<li>Opening hours (9:00 \u2013 19:00)<\/li>\n<li>Hot desk<\/li>\n<li>Limited printer &amp; scanner<\/li>\n<li class=\"off\">Limited meeting room access<\/li>\n<li class=\"off\">Event and showroom use<\/li>\n<\/ul>\n<p>[\/gva_pricing][\/vc_column_inner][vc_column_inner width=&#8221;1\/2&#8243; offset=&#8221;vc_col-lg-3 vc_col-md-3 vc_col-xs-6&#8243;][gva_pricing title=&#8221;Enterprise&#8221; price=&#8221;50&#8243; period=&#8221;Month&#8221;]<\/p>\n<ul>\n<li>Coffee &amp; water service<\/li>\n<li>High speed Internet<\/li>\n<li>Opening hours (9:00 \u2013 19:00)<\/li>\n<li>Hot desk<\/li>\n<li>Limited printer &amp; scanner<\/li>\n<li>Limited meeting room access<\/li>\n<li>Event and showroom use<\/li>\n<\/ul>\n<p>[\/gva_pricing][\/vc_column_inner][\/vc_row_inner][\/vc_column][\/vc_row][vc_row css=&#8221;.vc_custom_1530668111247{background-image: url(http:\/\/themegavias.com\/wp\/enzio\/wp-content\/uploads\/2018\/07\/bg-11.jpg?id=3011) !important;background-position: 0 0 !important;background-repeat: repeat !important;}&#8221;][vc_column][gva_block_heading title=&#8221;Let&#8217;s Get In Touch&#8221; icon=&#8221;gv-icon-242&#8243; desc=&#8221;Give us a call or drop by anytime, we endeavour to answer all enquiries within 24 hours on business days.&#8221;]<div role=\"form\" class=\"wpcf7\" id=\"wpcf7-f236-o1\" lang=\"en-US\" dir=\"ltr\">\n<div class=\"screen-reader-response\"><p role=\"status\" aria-live=\"polite\" aria-atomic=\"true\"><\/p> <ul><\/ul><\/div>\n<form action=\"\/web\/wp-json\/wp\/v2\/pages\/2827#wpcf7-f236-o1\" method=\"post\" class=\"wpcf7-form init\" novalidate=\"novalidate\" data-status=\"init\">\n<div style=\"display: none;\">\n<input type=\"hidden\" name=\"_wpcf7\" value=\"236\" \/>\n<input type=\"hidden\" name=\"_wpcf7_version\" value=\"5.3.1\" \/>\n<input type=\"hidden\" name=\"_wpcf7_locale\" value=\"en_US\" \/>\n<input type=\"hidden\" name=\"_wpcf7_unit_tag\" value=\"wpcf7-f236-o1\" \/>\n<input type=\"hidden\" name=\"_wpcf7_container_post\" value=\"0\" \/>\n<input type=\"hidden\" name=\"_wpcf7_posted_data_hash\" value=\"\" \/>\n<\/div>\n<div class=\"row\">\n<div class=\"col-sm-4 col-xs-12\"><span class=\"wpcf7-form-control-wrap your-name\"><input type=\"text\" name=\"your-name\" value=\"\" size=\"40\" class=\"wpcf7-form-control wpcf7-text wpcf7-validates-as-required\" aria-required=\"true\" aria-invalid=\"false\" placeholder=\"Your Name *\" \/><\/span> <\/div>\n<div class=\"col-sm-4 col-xs-12\"><span class=\"wpcf7-form-control-wrap your-email\"><input type=\"email\" name=\"your-email\" value=\"\" size=\"40\" class=\"wpcf7-form-control wpcf7-text wpcf7-email wpcf7-validates-as-required wpcf7-validates-as-email\" aria-required=\"true\" aria-invalid=\"false\" placeholder=\"Your Email *\" \/><\/span> <\/div>\n<div class=\"col-sm-4 col-xs-12\"><span class=\"wpcf7-form-control-wrap your-subject\"><input type=\"text\" name=\"your-subject\" value=\"\" size=\"40\" class=\"wpcf7-form-control wpcf7-text\" aria-invalid=\"false\" placeholder=\"Your Subject\" \/><\/span> <\/div>\n<\/div>\n<div class=\"row\">\n<div class=\"col-xs-12\"><span class=\"wpcf7-form-control-wrap rows6\"><textarea name=\"rows:6\" cols=\"40\" rows=\"10\" class=\"wpcf7-form-control wpcf7-textarea\" aria-invalid=\"false\" placeholder=\"Your message\"><\/textarea><\/span> <\/div>\n<div class=\"col-xs-12 action\"><input type=\"submit\" value=\"Send Message\" class=\"wpcf7-form-control wpcf7-submit\" \/><\/div>\n<\/div>\n<div class=\"wpcf7-response-output\" aria-hidden=\"true\"><\/div><\/form><\/div>[\/vc_column][\/vc_row][vc_row][vc_column el_id=&#8221;consulenze energetiche&#8221;][vc_column_text]<a href=\"#anchor\">CONSULENZE ENERGETICHE<\/a><\/p>\n<p>Ci occupiamo di\u00a0<strong>progettazione<\/strong>\u00a0e\u00a0<strong>consulenza energetica<\/strong>, mettendo a disposizione dei clienti le nostre competenze a proposito di tecnologie per il risparmio di energia e produzione di energia da fonti rinnovabili.<\/p>\n<p><strong>La nostra filosofia progettuale<\/strong>\u00a0parte da un caposaldo: prima di tutto deve essere ridotto il dispendio energetico attraverso azioni sull\u2019involucro (pareti, solai e serramenti). Solo dopo aver fatto questo si possono definire quali sono i migliori impianti per generare il calore, per il raffrescamento e per\u00a0 la produzione di energia da fonti rinnovabili.<\/p>\n<p>Per questo motivo i nostri progetti di riqualificazione energetica partono da un\u2019<strong>analisi energetica<\/strong>\u00a0che ci permette di individuare caratteristiche e consumi dell\u2019<strong>edificio<\/strong>. Analizzando lo stato dell\u2019immobile e identificando le criticit\u00e0 possiamo giungere ad una valutazione oggettiva dei possibili interventi volti a ridurre i consumi. Possiamo cos\u00ec elaborare una stima del risparmio energetico che si otterrebbe grazie agli interventi di riqualificazione proposti, nonch\u00e9 di produrre un\u2019analisi costi-benefici. Non consideriamo solo i vantaggi economici, ma diamo grande importanza al benessere di chi vive gli edifici.<\/p>\n<p>In fase di progetto utilizziamo differenti modalit\u00e0 di calcolo e simulazione, da quelle pi\u00f9 consolidate per la verifica del rispetto dei limiti della normativa (con software certificati dal CTI) a quelle pi\u00f9 evolute come la\u00a0<strong>modellazione dinamica degli edifici<\/strong>, ideale per valutazioni sul confort estivo. Per noi \u00e8 fondamentale la cura del particolare costruttivo e per questo svolgiamo attente\u00a0<strong>analisi agli elementi finiti dei ponti termici<\/strong>\u00a0e dei nodi dell\u2019involucro.<\/p>\n<p>Questo approccio ci permette di ottimizzare le azioni per ottenere sia una drastica riduzione dei consumi per il riscaldamento che il contenimento dei carichi estivi per il raffrescamento ed un miglioramento del confort per gli occupanti.[\/vc_column_text][\/vc_column][\/vc_row][vc_section][\/vc_section]<\/p>\n","protected":false},"excerpt":{"rendered":"<p>[vc_row row_space=&#8221;remove_padding&#8221; isfullwidth=&#8221;&#8221; css=&#8221;.vc_custom_1531905334683{padding-top: 30px !important;}&#8221;][vc_column][gva_block_heading title=&#8221;I NOSTRI SERVIZI&#8221; desc=&#8221;Sed ut perspiciatis unde omnis iste natus error sit voluptatem accusantium doloremque laudantium, totam rem aperiam, eaque ipsa quae ab illo inventore veritatis et quasi architecto.&#8221;][gva_services_grid excerpt_words=&#8221;20&#8243; items_lg=&#8221;3&#8243; items_md=&#8221;3&#8243; items_sm=&#8221;2&#8243; items_xs=&#8221;2&#8243;][\/vc_column][\/vc_row][vc_row][vc_column][vc_column_text]i servizi che offriamo si dividono in due categorie, il settore pubblico in cui collaboriamo con [&hellip;]<\/p>\n","protected":false},"author":1,"featured_media":0,"parent":0,"menu_order":0,"comment_status":"closed","ping_status":"closed","template":"","meta":[],"_links":{"self":[{"href":"https:\/\/all-g-a.com\/web\/wp-json\/wp\/v2\/pages\/2827"}],"collection":[{"href":"https:\/\/all-g-a.com\/web\/wp-json\/wp\/v2\/pages"}],"about":[{"href":"https:\/\/all-g-a.com\/web\/wp-json\/wp\/v2\/types\/page"}],"author":[{"embeddable":true,"href":"https:\/\/all-g-a.com\/web\/wp-json\/wp\/v2\/users\/1"}],"replies":[{"embeddable":true,"href":"https:\/\/all-g-a.com\/web\/wp-json\/wp\/v2\/comments?post=2827"}],"version-history":[{"count":20,"href":"https:\/\/all-g-a.com\/web\/wp-json\/wp\/v2\/pages\/2827\/revisions"}],"predecessor-version":[{"id":3487,"href":"https:\/\/all-g-a.com\/web\/wp-json\/wp\/v2\/pages\/2827\/revisions\/3487"}],"wp:attachment":[{"href":"https:\/\/all-g-a.com\/web\/wp-json\/wp\/v2\/media?parent=2827"}],"curies":[{"name":"wp","href":"https:\/\/api.w.org\/{rel}","templated":true}]}}